{"id":11,"date":"2018-04-04T23:18:16","date_gmt":"2018-04-04T21:18:16","guid":{"rendered":"https:\/\/editions-jean-yves-cadic.com\/?page_id=11"},"modified":"2018-05-03T22:35:38","modified_gmt":"2018-05-03T20:35:38","slug":"programme","status":"publish","type":"page","link":"https:\/\/editions-jean-yves-cadic.com\/index.php\/programme\/","title":{"rendered":"Programme"},"content":{"rendered":"<p>[vc_row][vc_column][vc_column_text css_animation=\u00a0\u00bbfadeInDown\u00a0\u00bb]<\/p>\n<p align=\"center\"><span style=\"font-size: medium;\"><span style=\"color: #cc3300; font-family: Arial;\"><strong>Gestion Comptable de l&rsquo;Entreprise<\/strong><\/span><\/span><\/p>\n<p dir=\"ltr\" align=\"center\"><span style=\"color: #333333;\"><span style=\"color: #000000;\">Le programme de l\u2019\u00e9preuve n\u00b0 9 du DCG<\/span><br \/>\n<span style=\"color: #cc3300;\"><strong>adapt\u00e9<\/strong><\/span>\u00a0<span style=\"color: #000000;\">au management de l\u2019entreprise<\/span><\/span><\/p>\n<p dir=\"ltr\" align=\"center\"><span style=\"color: #cc3300;\"><em>Succ\u00e8s garanti pour l\u2019animateur et son public<\/em><\/span><\/p>\n<table border=\"1\" cellspacing=\"1\" cellpadding=\"0\">\n<tbody>\n<tr>\n<td align=\"left\" valign=\"top\"><span style=\"color: #000000;\"><em>Enseignement Sup\u00e9rieur (BTS, DUT, LMD)<br \/>\n\u00c9coles sup\u00e9rieures de commerce<br \/>\n\u00c9coles d\u2019ing\u00e9nieurs<\/em><\/span><\/td>\n<td align=\"left\" valign=\"top\">\n<p align=\"right\"><span style=\"color: #000000;\"><em>\u00a0Formation continue<br \/>\nFormation \u00e0 distance<br \/>\nAutodidactes<\/em><\/span><\/td>\n<\/tr>\n<\/tbody>\n<\/table>\n<p dir=\"ltr\" align=\"left\"><span style=\"color: #cc3300;\"><strong>Pr\u00e9sentation et objectifs de l\u2019ouvrage<br \/>\nM\u00e9thodologie<br \/>\nIntroduction :<br \/>\n<\/strong><\/span><span style=\"color: #cc3300;\"><strong>1<\/strong><\/span>\u00a0<span style=\"color: #000000;\">&#8211; Les objectifs de la comptabilit\u00e9<\/span><br \/>\n<span style=\"color: #cc3300;\"><strong>2<\/strong><\/span><span style=\"color: #000000;\">\u00a0&#8211; L\u2019entreprise, agent \u00e9conomique<\/span><\/p>\n<p dir=\"ltr\" align=\"left\"><strong><span style=\"color: #cc3300;\">Premi\u00e8re partie :<\/span>\u00a0<span style=\"color: #333333;\">Les fondements de la comptabilit\u00e9 financi\u00e8re<\/span><br \/>\n<span style=\"color: #cc3300;\">Introduction<br \/>\n<\/span><\/strong><em><span style=\"color: #cc3300;\">Chapitre 1<\/span><\/em><span style=\"color: #000000;\">\u00a0&#8211; Le bilan<\/span><br \/>\n<em><span style=\"color: #cc3300;\">Chapitre 2<\/span><\/em><span style=\"color: #000000;\">\u00a0&#8211; L\u2019analyse des flux caract\u00e9risant l\u2019entreprise<\/span><br \/>\n<em><span style=\"color: #cc3300;\">Chapitre 3<\/span><\/em>\u00a0<span style=\"color: #000000;\">&#8211; L\u2019enregistrement des flux caract\u00e9risant l\u2019entreprise<\/span><br \/>\n<em><span style=\"color: #cc3300;\">Chapitre 4<\/span><\/em>\u00a0<span style=\"color: #000000;\">&#8211; Le virement comptable<\/span><br \/>\n<em><span style=\"color: #cc3300;\">Chapitre 5<\/span><\/em>\u00a0<span style=\"color: #000000;\">&#8211; Le cadre comptable<\/span><br \/>\n<em><span style=\"color: #cc3300;\">Chapitre 6<\/span><\/em><span style=\"color: #000000;\">\u00a0&#8211; L\u2019analyse du bilan<\/span><br \/>\n<em><span style=\"color: #cc3300;\">Chapitre 7<\/span><\/em>\u00a0<span style=\"color: #000000;\">&#8211; L\u2019analyse du compte de r\u00e9sultat<\/span><br \/>\n<em><span style=\"color: #cc3300;\">Chapitre 8<\/span><\/em>\u00a0<span style=\"color: #000000;\">&#8211; Les op\u00e9rations de facturation et de tr\u00e9sorerie de l\u2019entreprise<\/span><br \/>\n<em><span style=\"color: #cc3300;\">Chapitre 9<\/span><\/em><span style=\"color: #000000;\">\u00a0&#8211; Exercices de synth\u00e8se sur les fondements de la comptabilit\u00e9 financi\u00e8re :<\/span><br \/>\n<span style=\"color: #cc3300;\">\u00a0\u00a0\u00a0\u00a0\u00a0\u00a0\u00a0\u00a0\u00a0\u00a0\u00a0\u00a0\u00a0\u00a0\u00a0\u00a0\u00a0\u00a0<em>passage du bilan N au bilan N + 1<\/em><br \/>\n<\/span><strong><span style=\"color: #cc3300;\">Conclusion<\/span><\/strong><\/p>\n<p dir=\"ltr\" align=\"left\"><strong><span style=\"color: #cc3300;\">Deuxi\u00e8me partie :<\/span><span style=\"color: #000000;\">\u00a0Les travaux d\u2019inventaire<\/span><br \/>\n<span style=\"color: #cc3300;\">Introduction<\/span><\/strong><br \/>\n<em><span style=\"color: #cc3300;\">Chapitre 1<\/span><\/em>\u00a0<span style=\"color: #000000;\">&#8211; L\u2019amortissement des immobilisations incorporelles et corporelles<\/span><br \/>\n<em><span style=\"color: #cc3300;\">Chapitre 2<\/span><\/em>\u00a0<span style=\"color: #000000;\">&#8211; Les d\u00e9pr\u00e9ciations d\u2019\u00e9l\u00e9ments d\u2019actif du bilan<\/span><br \/>\n<em><span style=\"color: #cc3300;\">Chapitre 3<\/span><\/em><span style=\"color: #000000;\">\u00a0&#8211; Les provisions<\/span><br \/>\n<em><span style=\"color: #cc3300;\">Chapitre 4<\/span><\/em>\u00a0<span style=\"color: #000000;\">&#8211; La r\u00e9gularisation des charges et des produits<\/span><br \/>\n<strong><span style=\"color: #cc3300;\">Conclusion<\/span><\/strong>\u00a0<span style=\"color: #000000;\">&#8211; Les travaux d\u2019inventaire en onze \u00e9critures<\/span><br \/>\n<strong><span style=\"color: #cc3300;\">Synth\u00e8se de l\u2019ouvrage<\/span><\/strong>\u00a0<span style=\"color: #000000;\">&#8211; Liens entre le bilan et le compte de r\u00e9sultat<\/span><br \/>\n<strong><span style=\"color: #cc3300;\">Exercices de synth\u00e8se<br \/>\n<\/span><span style=\"color: #cc3300;\">Conclusion<\/span><\/strong><br \/>\n<strong><span style=\"color: #cc3300;\">Annexes<\/span><\/strong><br \/>\n<strong><span style=\"color: #cc3300;\">Bibliographie<\/span><\/strong><br \/>\n<strong><span style=\"color: #cc3300;\">Table des mati\u00e8res<\/span><\/strong><\/p>\n<p>[\/vc_column_text][\/vc_column][\/vc_row]<\/p>\n","protected":false},"excerpt":{"rendered":"<p>[vc_row][vc_column][vc_column_text css_animation=\u00a0\u00bbfadeInDown\u00a0\u00bb] Gestion Comptable de l&rsquo;Entreprise Le programme de l\u2019\u00e9preuve n\u00b0 9 du DCG adapt\u00e9\u00a0au management de l\u2019entreprise Succ\u00e8s garanti pour l\u2019animateur et son public Enseignement Sup\u00e9rieur (BTS, DUT, LMD) \u00c9coles sup\u00e9rieures de commerce \u00c9coles d\u2019ing\u00e9nieurs \u00a0Formation continue Formation \u00e0 distance Autodidactes Pr\u00e9sentation et objectifs de l\u2019ouvrage M\u00e9thodologie Introduction : 1\u00a0&#8211; Les objectifs de la&hellip;<\/p>\n","protected":false},"author":1,"featured_media":0,"parent":0,"menu_order":1,"comment_status":"closed","ping_status":"closed","template":"","meta":{"_mi_skip_tracking":false,"_exactmetrics_sitenote_active":false,"_exactmetrics_sitenote_note":"","_exactmetrics_sitenote_category":0},"yoast_head":"<!-- This site is optimized with the Yoast SEO plugin v18.0 - https:\/\/yoast.com\/wordpress\/plugins\/seo\/ -->\n<title>Programme - Editions Jean-Yves Cadic<\/title>\n<meta name=\"robots\" content=\"index, follow, max-snippet:-1, max-image-preview:large, max-video-preview:-1\" \/>\n<link rel=\"canonical\" href=\"https:\/\/editions-jean-yves-cadic.com\/index.php\/programme\/\" \/>\n<meta property=\"og:locale\" content=\"fr_FR\" \/>\n<meta property=\"og:type\" content=\"article\" \/>\n<meta property=\"og:title\" content=\"Programme - Editions Jean-Yves Cadic\" \/>\n<meta property=\"og:description\" content=\"[vc_row][vc_column][vc_column_text css_animation=\u00a0\u00bbfadeInDown\u00a0\u00bb] Gestion Comptable de l&rsquo;Entreprise Le programme de l\u2019\u00e9preuve n\u00b0 9 du DCG adapt\u00e9\u00a0au management de l\u2019entreprise Succ\u00e8s garanti pour l\u2019animateur et son public Enseignement Sup\u00e9rieur (BTS, DUT, LMD) \u00c9coles sup\u00e9rieures de commerce \u00c9coles d\u2019ing\u00e9nieurs \u00a0Formation continue Formation \u00e0 distance Autodidactes Pr\u00e9sentation et objectifs de l\u2019ouvrage M\u00e9thodologie Introduction : 1\u00a0&#8211; Les objectifs de la&hellip;\" \/>\n<meta property=\"og:url\" content=\"https:\/\/editions-jean-yves-cadic.com\/index.php\/programme\/\" \/>\n<meta property=\"og:site_name\" content=\"Editions Jean-Yves Cadic\" \/>\n<meta property=\"article:modified_time\" content=\"2018-05-03T20:35:38+00:00\" \/>\n<meta name=\"twitter:card\" content=\"summary_large_image\" \/>\n<meta name=\"twitter:label1\" content=\"Dur\u00e9e de lecture estim\u00e9e\" \/>\n\t<meta name=\"twitter:data1\" content=\"1 minute\" \/>\n<script type=\"application\/ld+json\" class=\"yoast-schema-graph\">{\"@context\":\"https:\/\/schema.org\",\"@graph\":[{\"@type\":\"WebSite\",\"@id\":\"https:\/\/editions-jean-yves-cadic.com\/#website\",\"url\":\"https:\/\/editions-jean-yves-cadic.com\/\",\"name\":\"Editions Jean-Yves Cadic\",\"description\":\"Les \u00e9ditions au service de la p\u00e9dagogie\",\"potentialAction\":[{\"@type\":\"SearchAction\",\"target\":{\"@type\":\"EntryPoint\",\"urlTemplate\":\"https:\/\/editions-jean-yves-cadic.com\/?s={search_term_string}\"},\"query-input\":\"required name=search_term_string\"}],\"inLanguage\":\"fr-FR\"},{\"@type\":\"WebPage\",\"@id\":\"https:\/\/editions-jean-yves-cadic.com\/index.php\/programme\/#webpage\",\"url\":\"https:\/\/editions-jean-yves-cadic.com\/index.php\/programme\/\",\"name\":\"Programme - Editions Jean-Yves Cadic\",\"isPartOf\":{\"@id\":\"https:\/\/editions-jean-yves-cadic.com\/#website\"},\"datePublished\":\"2018-04-04T21:18:16+00:00\",\"dateModified\":\"2018-05-03T20:35:38+00:00\",\"breadcrumb\":{\"@id\":\"https:\/\/editions-jean-yves-cadic.com\/index.php\/programme\/#breadcrumb\"},\"inLanguage\":\"fr-FR\",\"potentialAction\":[{\"@type\":\"ReadAction\",\"target\":[\"https:\/\/editions-jean-yves-cadic.com\/index.php\/programme\/\"]}]},{\"@type\":\"BreadcrumbList\",\"@id\":\"https:\/\/editions-jean-yves-cadic.com\/index.php\/programme\/#breadcrumb\",\"itemListElement\":[{\"@type\":\"ListItem\",\"position\":1,\"name\":\"Accueil\",\"item\":\"https:\/\/editions-jean-yves-cadic.com\/\"},{\"@type\":\"ListItem\",\"position\":2,\"name\":\"Programme\"}]}]}<\/script>\n<!-- \/ Yoast SEO plugin. -->","yoast_head_json":{"title":"Programme - Editions Jean-Yves Cadic","robots":{"index":"index","follow":"follow","max-snippet":"max-snippet:-1","max-image-preview":"max-image-preview:large","max-video-preview":"max-video-preview:-1"},"canonical":"https:\/\/editions-jean-yves-cadic.com\/index.php\/programme\/","og_locale":"fr_FR","og_type":"article","og_title":"Programme - Editions Jean-Yves Cadic","og_description":"[vc_row][vc_column][vc_column_text css_animation=\u00a0\u00bbfadeInDown\u00a0\u00bb] Gestion Comptable de l&rsquo;Entreprise Le programme de l\u2019\u00e9preuve n\u00b0 9 du DCG adapt\u00e9\u00a0au management de l\u2019entreprise Succ\u00e8s garanti pour l\u2019animateur et son public Enseignement Sup\u00e9rieur (BTS, DUT, LMD) \u00c9coles sup\u00e9rieures de commerce \u00c9coles d\u2019ing\u00e9nieurs \u00a0Formation continue Formation \u00e0 distance Autodidactes Pr\u00e9sentation et objectifs de l\u2019ouvrage M\u00e9thodologie Introduction : 1\u00a0&#8211; Les objectifs de la&hellip;","og_url":"https:\/\/editions-jean-yves-cadic.com\/index.php\/programme\/","og_site_name":"Editions Jean-Yves Cadic","article_modified_time":"2018-05-03T20:35:38+00:00","twitter_card":"summary_large_image","twitter_misc":{"Dur\u00e9e de lecture estim\u00e9e":"1 minute"},"schema":{"@context":"https:\/\/schema.org","@graph":[{"@type":"WebSite","@id":"https:\/\/editions-jean-yves-cadic.com\/#website","url":"https:\/\/editions-jean-yves-cadic.com\/","name":"Editions Jean-Yves Cadic","description":"Les \u00e9ditions au service de la p\u00e9dagogie","potentialAction":[{"@type":"SearchAction","target":{"@type":"EntryPoint","urlTemplate":"https:\/\/editions-jean-yves-cadic.com\/?s={search_term_string}"},"query-input":"required name=search_term_string"}],"inLanguage":"fr-FR"},{"@type":"WebPage","@id":"https:\/\/editions-jean-yves-cadic.com\/index.php\/programme\/#webpage","url":"https:\/\/editions-jean-yves-cadic.com\/index.php\/programme\/","name":"Programme - Editions Jean-Yves Cadic","isPartOf":{"@id":"https:\/\/editions-jean-yves-cadic.com\/#website"},"datePublished":"2018-04-04T21:18:16+00:00","dateModified":"2018-05-03T20:35:38+00:00","breadcrumb":{"@id":"https:\/\/editions-jean-yves-cadic.com\/index.php\/programme\/#breadcrumb"},"inLanguage":"fr-FR","potentialAction":[{"@type":"ReadAction","target":["https:\/\/editions-jean-yves-cadic.com\/index.php\/programme\/"]}]},{"@type":"BreadcrumbList","@id":"https:\/\/editions-jean-yves-cadic.com\/index.php\/programme\/#breadcrumb","itemListElement":[{"@type":"ListItem","position":1,"name":"Accueil","item":"https:\/\/editions-jean-yves-cadic.com\/"},{"@type":"ListItem","position":2,"name":"Programme"}]}]}},"_links":{"self":[{"href":"https:\/\/editions-jean-yves-cadic.com\/index.php\/wp-json\/wp\/v2\/pages\/11"}],"collection":[{"href":"https:\/\/editions-jean-yves-cadic.com\/index.php\/wp-json\/wp\/v2\/pages"}],"about":[{"href":"https:\/\/editions-jean-yves-cadic.com\/index.php\/wp-json\/wp\/v2\/types\/page"}],"author":[{"embeddable":true,"href":"https:\/\/editions-jean-yves-cadic.com\/index.php\/wp-json\/wp\/v2\/users\/1"}],"replies":[{"embeddable":true,"href":"https:\/\/editions-jean-yves-cadic.com\/index.php\/wp-json\/wp\/v2\/comments?post=11"}],"version-history":[{"count":6,"href":"https:\/\/editions-jean-yves-cadic.com\/index.php\/wp-json\/wp\/v2\/pages\/11\/revisions"}],"predecessor-version":[{"id":147,"href":"https:\/\/editions-jean-yves-cadic.com\/index.php\/wp-json\/wp\/v2\/pages\/11\/revisions\/147"}],"wp:attachment":[{"href":"https:\/\/editions-jean-yves-cadic.com\/index.php\/wp-json\/wp\/v2\/media?parent=11"}],"curies":[{"name":"wp","href":"https:\/\/api.w.org\/{rel}","templated":true}]}}