{"id":15,"date":"2018-04-05T16:43:17","date_gmt":"2018-04-05T14:43:17","guid":{"rendered":"https:\/\/editions-jean-yves-cadic.com\/?page_id=15"},"modified":"2018-05-03T22:34:53","modified_gmt":"2018-05-03T20:34:53","slug":"methodologie","status":"publish","type":"page","link":"https:\/\/editions-jean-yves-cadic.com\/index.php\/methodologie\/","title":{"rendered":"M\u00e9thodologie"},"content":{"rendered":"<p>[vc_row][vc_column][vc_column_text css_animation=\u00a0\u00bbfadeInDown\u00a0\u00bb]<\/p>\n<h1 align=\"left\"><strong><span style=\"color: #cc3300;\">M\u00e9thodologie<\/span><\/strong><\/h1>\n<p align=\"left\"><span style=\"color: #000000;\">Invitation \u00e0 d\u00e9couvrir en<\/span> <span style=\"color: #cc3300;\">14 \u00e9tapes\u00a0<\/span><span style=\"color: #000000;\">un parcours initiatique o\u00f9 le lecteur a rendez-vous avec<\/span> <span style=\"color: #cc3300;\">le plaisir<\/span> <span style=\"color: #000000;\">et le<\/span> <span style=\"color: #cc3300;\">succ\u00e8s<\/span><span style=\"color: #333333;\">.<\/span><\/p>\n<p align=\"justify\"><span style=\"color: #333333;\"><span style=\"color: #000000;\">Cette m\u00e9thodologie a fait le succ\u00e8s des 2 premi\u00e8res \u00e9ditions et demeurera d&rsquo;actualit\u00e9. Dans le cadre de la 3e \u00e9dition l\u2019auteur l\u2019a encore am\u00e9lior\u00e9e dans le souci d\u2019\u00e9voluer dans le cadre d\u2019une pens\u00e9e logique, claire et surtout progressive permettant \u00e0 un public toujours plus nombreux de le suivre dans la d\u00e9couverte de cette construction p\u00e9dagogique,<\/span> <span style=\"color: #cc3300;\">fruit de 40 ans d\u2019exp\u00e9rience<\/span>.<\/span><\/p>\n<p><span style=\"color: #000000;\"><strong>R\u00e9sum\u00e9 de la m\u00e9thodologie<\/strong> (p.13 \u00e0 16 de l\u2019ouvrage)<\/span><\/p>\n<p align=\"left\"><span style=\"color: #000000;\"><em>\u00ab Il n\u2019est pas de vent favorable pour celui qui ne sait o\u00f9 il va \u00bb<br \/>\n<\/em> <\/span><span style=\"color: #333333;\"><em><strong><span style=\"color: #000000;\">S\u00e9n\u00e8que<\/span><br \/>\n<\/strong><\/em><\/span><\/p>\n<p align=\"justify\"><span style=\"color: #333333;\"><span style=\"color: #000000;\">Le<\/span> <span style=\"color: #cc3300;\">langage comptable<\/span> <span style=\"color: #000000;\">ma\u00eetris\u00e9 dans les 4 premiers chapitres, le lecteur d\u00e9couvre dans le chapitre 5 le cadre dans lequel ce langage s\u2019exerce. D\u00e8s le chapitre 6, il peut approfondir le bilan, v\u00e9ritable tableau des ressources et des emplois de l\u2019entreprise \u00e0 un moment donn\u00e9 et entrer en gestion dans le cadre du chapitre 7 en d\u00e9couvrant le compte de r\u00e9sultat caract\u00e9ris\u00e9 par 2 courants : un flux de charges et un flux de produits class\u00e9s par nature et en trois niveaux : exploitation, financier et exceptionnel. Les modalit\u00e9s de cette classification permettent au lecteur d\u2019analyser\u00a0<\/span><span style=\"color: #cc3300;\">les soldes interm\u00e9diaires de gestion<\/span> <span style=\"color: #000000;\">au nombre de 8. La conception p\u00e9dagogique du chapitre 7 montre non seulement \u00ab comment \u00bb mais \u00e9galement \u00ab pourquoi \u00bb le compte de r\u00e9sultat a \u00e9t\u00e9 construit ainsi. Dans le chapitre 8 intitul\u00e9 \u00ab<\/span> <span style=\"color: #cc3300;\">Op\u00e9rations de facturation et de tr\u00e9sorerie de l\u2019entreprise<\/span> \u00bb<span style=\"color: #000000;\">, le lecteur d\u00e9couvre le cycle d\u2019exploitation de l\u2019entreprise \u00e0 travers les relations externes et courantes qu\u2019elle entretient avec ses fournisseurs et ses clients. Il peut dans le chapitre 9 intitul\u00e9 \u00ab<\/span> <span style=\"color: #cc3300;\">passage du bilan N au bilan N+1<\/span> <span style=\"color: #000000;\">\u00bb faire la synth\u00e8se des notions pr\u00e9c\u00e9demment acquises. En vivant ces 9 premiers chapitres, il a acquis les fondements de la gestion comptable pour toujours.<\/span><\/span><\/p>\n<p align=\"justify\"><span style=\"color: #333333;\"><span style=\"color: #000000;\">Il n\u2019en demeure pas moins que le compte de r\u00e9sultat et le bilan obtenus dans ce chapitre sont inexacts. En cons\u00e9quence, le lecteur est invit\u00e9, dans la deuxi\u00e8me partie de l\u2019ouvrage intitul\u00e9e \u00ab<\/span> <span style=\"color: #cc3300;\">Les travaux d\u2019inventaire<\/span> <span style=\"color: #000000;\">\u00bb effectu\u00e9s en fin d\u2019exercice \u00e0 rechercher un r\u00e9sultat aussi exact que possible afin d\u2019obtenir une image fid\u00e8le du patrimoine, de la situation financi\u00e8re de l\u2019entreprise. Pour cela, il analysera en 4 chapitres :<\/span><\/span><\/p>\n<ul>\n<li><span style=\"color: #cc3300;\">l\u2019amortissement des immobilisations incorporelles et corporelles,<\/span><\/li>\n<li><span style=\"color: #cc3300;\">les d\u00e9pr\u00e9ciations d\u2019\u00e9l\u00e9ments d\u2019actif,<\/span><\/li>\n<li><span style=\"color: #cc3300;\">les provisions,<\/span><\/li>\n<li><span style=\"color: #cc3300;\">l\u2019ajustement des charges et des produits.<\/span><\/li>\n<\/ul>\n<p align=\"justify\"><span style=\"color: #333333;\"><span style=\"color: #000000;\">Les objectifs des travaux d\u2019inventaire atteints, le lecteur est convi\u00e9 dans le cadre d\u2019une<\/span> <span style=\"color: #cc3300;\">synth\u00e8se g\u00e9n\u00e9rale<\/span> <span style=\"color: #000000;\">de l\u2019ouvrage \u00e0 effectuer 2 exercices \u00e9labor\u00e9s dans le respect du principe de progressivit\u00e9 p\u00e9dagogique, principe cher \u00e0 l\u2019auteur.<\/span><\/span><\/p>\n<p align=\"justify\"><span style=\"color: #333333;\"><span style=\"color: #000000;\">Les 2 exercices accomplis, le lecteur aura la ferme conviction que les 3 objectifs fix\u00e9s au d\u00e9but de l\u2019ouvrage de Gestion Comptable de l\u2019Entreprise ont \u00e9t\u00e9 atteints, \u00e0 savoir une parfaite compr\u00e9hension du<\/span> <span style=\"color: #cc3300;\">langage comptable<\/span>,<span style=\"color: #000000;\"> du<\/span> <span style=\"color: #cc3300;\">compte de r\u00e9sultat<\/span> <span style=\"color: #000000;\">et du<\/span><\/span> <span style=\"color: #333333;\"><span style=\"color: #cc3300;\">bilan<\/span>.<br \/>\n<span style=\"color: #000000;\">Il aura apprivois\u00e9 la comptabilit\u00e9 au sens d\u00e9velopp\u00e9 par <strong>Antoine de Saint Exup\u00e9ry<\/strong> dans <strong>le<\/strong> <strong>Petit Prince<\/strong>. En effet,\u00ab<\/span> <span style=\"color: #cc3300;\">on ne conna\u00eet que les choses que l\u2019on apprivoise<\/span><span style=\"color: #000000;\"> \u00bb. Il aura appris \u00e0 aimer la gestion comptable, terminologie parfaitement appropri\u00e9e \u00ab<\/span> <span style=\"color: #cc3300;\">car on ne voit bien qu\u2019avec le c\u0153ur<\/span> \u00bb.<\/span><\/p>\n<p>[\/vc_column_text][\/vc_column][\/vc_row]<\/p>\n","protected":false},"excerpt":{"rendered":"<p>[vc_row][vc_column][vc_column_text css_animation=\u00a0\u00bbfadeInDown\u00a0\u00bb] M\u00e9thodologie Invitation \u00e0 d\u00e9couvrir en 14 \u00e9tapes\u00a0un parcours initiatique o\u00f9 le lecteur a rendez-vous avec le plaisir et le succ\u00e8s. Cette m\u00e9thodologie a fait le succ\u00e8s des 2 premi\u00e8res \u00e9ditions et demeurera d&rsquo;actualit\u00e9. Dans le cadre de la 3e \u00e9dition l\u2019auteur l\u2019a encore am\u00e9lior\u00e9e dans le souci d\u2019\u00e9voluer dans le cadre d\u2019une pens\u00e9e&hellip;<\/p>\n","protected":false},"author":1,"featured_media":0,"parent":0,"menu_order":3,"comment_status":"closed","ping_status":"closed","template":"","meta":{"_exactmetrics_skip_tracking":false,"_exactmetrics_sitenote_active":false,"_exactmetrics_sitenote_note":"","_exactmetrics_sitenote_category":0},"yoast_head":"<!-- This site is optimized with the Yoast SEO plugin v18.0 - https:\/\/yoast.com\/wordpress\/plugins\/seo\/ -->\n<title>M\u00e9thodologie - Editions Jean-Yves Cadic<\/title>\n<meta name=\"robots\" content=\"index, follow, max-snippet:-1, max-image-preview:large, max-video-preview:-1\" \/>\n<link rel=\"canonical\" href=\"https:\/\/editions-jean-yves-cadic.com\/index.php\/methodologie\/\" \/>\n<meta property=\"og:locale\" content=\"fr_FR\" \/>\n<meta property=\"og:type\" content=\"article\" \/>\n<meta property=\"og:title\" content=\"M\u00e9thodologie - Editions Jean-Yves Cadic\" \/>\n<meta property=\"og:description\" content=\"[vc_row][vc_column][vc_column_text css_animation=\u00a0\u00bbfadeInDown\u00a0\u00bb] M\u00e9thodologie Invitation \u00e0 d\u00e9couvrir en 14 \u00e9tapes\u00a0un parcours initiatique o\u00f9 le lecteur a rendez-vous avec le plaisir et le succ\u00e8s. Cette m\u00e9thodologie a fait le succ\u00e8s des 2 premi\u00e8res \u00e9ditions et demeurera d&rsquo;actualit\u00e9. Dans le cadre de la 3e \u00e9dition l\u2019auteur l\u2019a encore am\u00e9lior\u00e9e dans le souci d\u2019\u00e9voluer dans le cadre d\u2019une pens\u00e9e&hellip;\" \/>\n<meta property=\"og:url\" content=\"https:\/\/editions-jean-yves-cadic.com\/index.php\/methodologie\/\" \/>\n<meta property=\"og:site_name\" content=\"Editions Jean-Yves Cadic\" \/>\n<meta property=\"article:modified_time\" content=\"2018-05-03T20:34:53+00:00\" \/>\n<meta name=\"twitter:card\" content=\"summary_large_image\" \/>\n<meta name=\"twitter:label1\" content=\"Dur\u00e9e de lecture estim\u00e9e\" \/>\n\t<meta name=\"twitter:data1\" content=\"3 minutes\" \/>\n<script type=\"application\/ld+json\" class=\"yoast-schema-graph\">{\"@context\":\"https:\/\/schema.org\",\"@graph\":[{\"@type\":\"WebSite\",\"@id\":\"https:\/\/editions-jean-yves-cadic.com\/#website\",\"url\":\"https:\/\/editions-jean-yves-cadic.com\/\",\"name\":\"Editions Jean-Yves Cadic\",\"description\":\"Les \u00e9ditions au service de la p\u00e9dagogie\",\"potentialAction\":[{\"@type\":\"SearchAction\",\"target\":{\"@type\":\"EntryPoint\",\"urlTemplate\":\"https:\/\/editions-jean-yves-cadic.com\/?s={search_term_string}\"},\"query-input\":\"required name=search_term_string\"}],\"inLanguage\":\"fr-FR\"},{\"@type\":\"WebPage\",\"@id\":\"https:\/\/editions-jean-yves-cadic.com\/index.php\/methodologie\/#webpage\",\"url\":\"https:\/\/editions-jean-yves-cadic.com\/index.php\/methodologie\/\",\"name\":\"M\u00e9thodologie - Editions Jean-Yves Cadic\",\"isPartOf\":{\"@id\":\"https:\/\/editions-jean-yves-cadic.com\/#website\"},\"datePublished\":\"2018-04-05T14:43:17+00:00\",\"dateModified\":\"2018-05-03T20:34:53+00:00\",\"breadcrumb\":{\"@id\":\"https:\/\/editions-jean-yves-cadic.com\/index.php\/methodologie\/#breadcrumb\"},\"inLanguage\":\"fr-FR\",\"potentialAction\":[{\"@type\":\"ReadAction\",\"target\":[\"https:\/\/editions-jean-yves-cadic.com\/index.php\/methodologie\/\"]}]},{\"@type\":\"BreadcrumbList\",\"@id\":\"https:\/\/editions-jean-yves-cadic.com\/index.php\/methodologie\/#breadcrumb\",\"itemListElement\":[{\"@type\":\"ListItem\",\"position\":1,\"name\":\"Accueil\",\"item\":\"https:\/\/editions-jean-yves-cadic.com\/\"},{\"@type\":\"ListItem\",\"position\":2,\"name\":\"M\u00e9thodologie\"}]}]}<\/script>\n<!-- \/ Yoast SEO plugin. -->","yoast_head_json":{"title":"M\u00e9thodologie - Editions Jean-Yves Cadic","robots":{"index":"index","follow":"follow","max-snippet":"max-snippet:-1","max-image-preview":"max-image-preview:large","max-video-preview":"max-video-preview:-1"},"canonical":"https:\/\/editions-jean-yves-cadic.com\/index.php\/methodologie\/","og_locale":"fr_FR","og_type":"article","og_title":"M\u00e9thodologie - Editions Jean-Yves Cadic","og_description":"[vc_row][vc_column][vc_column_text css_animation=\u00a0\u00bbfadeInDown\u00a0\u00bb] M\u00e9thodologie Invitation \u00e0 d\u00e9couvrir en 14 \u00e9tapes\u00a0un parcours initiatique o\u00f9 le lecteur a rendez-vous avec le plaisir et le succ\u00e8s. Cette m\u00e9thodologie a fait le succ\u00e8s des 2 premi\u00e8res \u00e9ditions et demeurera d&rsquo;actualit\u00e9. Dans le cadre de la 3e \u00e9dition l\u2019auteur l\u2019a encore am\u00e9lior\u00e9e dans le souci d\u2019\u00e9voluer dans le cadre d\u2019une pens\u00e9e&hellip;","og_url":"https:\/\/editions-jean-yves-cadic.com\/index.php\/methodologie\/","og_site_name":"Editions Jean-Yves Cadic","article_modified_time":"2018-05-03T20:34:53+00:00","twitter_card":"summary_large_image","twitter_misc":{"Dur\u00e9e de lecture estim\u00e9e":"3 minutes"},"schema":{"@context":"https:\/\/schema.org","@graph":[{"@type":"WebSite","@id":"https:\/\/editions-jean-yves-cadic.com\/#website","url":"https:\/\/editions-jean-yves-cadic.com\/","name":"Editions Jean-Yves Cadic","description":"Les \u00e9ditions au service de la p\u00e9dagogie","potentialAction":[{"@type":"SearchAction","target":{"@type":"EntryPoint","urlTemplate":"https:\/\/editions-jean-yves-cadic.com\/?s={search_term_string}"},"query-input":"required name=search_term_string"}],"inLanguage":"fr-FR"},{"@type":"WebPage","@id":"https:\/\/editions-jean-yves-cadic.com\/index.php\/methodologie\/#webpage","url":"https:\/\/editions-jean-yves-cadic.com\/index.php\/methodologie\/","name":"M\u00e9thodologie - Editions Jean-Yves Cadic","isPartOf":{"@id":"https:\/\/editions-jean-yves-cadic.com\/#website"},"datePublished":"2018-04-05T14:43:17+00:00","dateModified":"2018-05-03T20:34:53+00:00","breadcrumb":{"@id":"https:\/\/editions-jean-yves-cadic.com\/index.php\/methodologie\/#breadcrumb"},"inLanguage":"fr-FR","potentialAction":[{"@type":"ReadAction","target":["https:\/\/editions-jean-yves-cadic.com\/index.php\/methodologie\/"]}]},{"@type":"BreadcrumbList","@id":"https:\/\/editions-jean-yves-cadic.com\/index.php\/methodologie\/#breadcrumb","itemListElement":[{"@type":"ListItem","position":1,"name":"Accueil","item":"https:\/\/editions-jean-yves-cadic.com\/"},{"@type":"ListItem","position":2,"name":"M\u00e9thodologie"}]}]}},"_links":{"self":[{"href":"https:\/\/editions-jean-yves-cadic.com\/index.php\/wp-json\/wp\/v2\/pages\/15"}],"collection":[{"href":"https:\/\/editions-jean-yves-cadic.com\/index.php\/wp-json\/wp\/v2\/pages"}],"about":[{"href":"https:\/\/editions-jean-yves-cadic.com\/index.php\/wp-json\/wp\/v2\/types\/page"}],"author":[{"embeddable":true,"href":"https:\/\/editions-jean-yves-cadic.com\/index.php\/wp-json\/wp\/v2\/users\/1"}],"replies":[{"embeddable":true,"href":"https:\/\/editions-jean-yves-cadic.com\/index.php\/wp-json\/wp\/v2\/comments?post=15"}],"version-history":[{"count":8,"href":"https:\/\/editions-jean-yves-cadic.com\/index.php\/wp-json\/wp\/v2\/pages\/15\/revisions"}],"predecessor-version":[{"id":146,"href":"https:\/\/editions-jean-yves-cadic.com\/index.php\/wp-json\/wp\/v2\/pages\/15\/revisions\/146"}],"wp:attachment":[{"href":"https:\/\/editions-jean-yves-cadic.com\/index.php\/wp-json\/wp\/v2\/media?parent=15"}],"curies":[{"name":"wp","href":"https:\/\/api.w.org\/{rel}","templated":true}]}}