{"id":18,"date":"2018-04-05T16:46:00","date_gmt":"2018-04-05T14:46:00","guid":{"rendered":"https:\/\/editions-jean-yves-cadic.com\/?page_id=18"},"modified":"2018-05-03T22:34:19","modified_gmt":"2018-05-03T20:34:19","slug":"14-atouts","status":"publish","type":"page","link":"https:\/\/editions-jean-yves-cadic.com\/index.php\/14-atouts\/","title":{"rendered":"14 atouts"},"content":{"rendered":"<p>[vc_row][vc_column][vc_column_text css_animation=\u00a0\u00bbfadeInDown\u00a0\u00bb]<\/p>\n<h1 align=\"center\"><span style=\"font-size: medium; color: #000000;\"><span style=\"font-family: Arial;\"><strong>14 atouts<\/strong><\/span><\/span><\/h1>\n<h1 align=\"center\"><span style=\"color: #cc3300;\"><span style=\"color: #000000;\">L&rsquo;ouvrage<\/span> <strong>incontournable<\/strong> <span style=\"color: #000000;\">du gestionnaire\u00a0<\/span><\/span><\/h1>\n<p>&nbsp;<\/p>\n<p align=\"justify\"><span style=\"color: #000000;\">1. Ouvrage pour gestionnaire rendant<\/span> <span style=\"color: #cc3300;\"><strong>agr\u00e9able<\/strong><\/span> <span style=\"color: #000000;\">la communication avec les financiers.<\/span><\/p>\n<p><span style=\"color: #000000;\">2. Ma\u00eetrise de la comptabilit\u00e9 financi\u00e8re en un minimum de temps,<\/span> <span style=\"color: #cc3300;\"><strong>succ\u00e8s<\/strong><\/span> <span style=\"color: #000000;\">garanti pour le lecteur, fruit de 40 ans de p\u00e9dagogie \u00ab face au public \u00bb.<\/span><\/p>\n<p><span style=\"color: #000000;\">3. Ouvrage technique qui se lit comme une histoire ; \u00e0 l\u2019<\/span><span style=\"color: #cc3300;\"><strong>efficacit\u00e9<\/strong><\/span><span style=\"color: #000000;\">, il ajoute le<\/span> <strong><span style=\"color: #cc3300;\">plaisir<\/span><\/strong> <span style=\"color: #000000;\">d\u2019apprendre.<\/span><\/p>\n<p><span style=\"color: #000000;\">4. Ouvrage vivement conseill\u00e9 par le corps professoral.<\/span><\/p>\n<p><span style=\"color: #000000;\">5. Ouvrage de vulgarisation qui \u00e9vite le survol, l\u2019approche superficielle de la comptabilit\u00e9.<\/span><\/p>\n<p><span style=\"color: #000000;\">6. Objectifs clairement pr\u00e9cis\u00e9s par l\u2019auteur :<\/span><br \/>\n<span style=\"color: #000000;\">\u2022 acquisition du langage comptable ;<\/span><br \/>\n<span style=\"color: #000000;\">\u2022 analyse approfondie du compte de r\u00e9sultat et du bilan.<\/span><\/p>\n<p align=\"justify\"><span style=\"color: #000000;\">7. Objectifs atteints en toute<\/span> <strong><span style=\"color: #cc3300;\">autonomie<\/span><\/strong> <span style=\"color: #000000;\">gr\u00e2ce \u00e0 une m\u00e9thodologie originale et<\/span> <span style=\"color: #cc3300;\"><strong>ludique<\/strong><\/span> <span style=\"color: #000000;\">caract\u00e9ris\u00e9e par la logique et la<\/span> <strong><span style=\"color: #cc3300;\">progressivit\u00e9<\/span><\/strong><span style=\"color: #000000;\">. \u00c9voluant dans le cadre d\u2019un parcours comprenant 14 \u00e9tapes, le lecteur peut \u00e0 tout moment v\u00e9rifier o\u00f9 il en est gr\u00e2ce aux exercices corrig\u00e9s propos\u00e9s \u00e0 la fin de chaque \u00e9tape.<\/span><\/p>\n<p><span style=\"color: #000000;\">8. Une compr\u00e9hension<\/span> <span style=\"color: #cc3300;\"><strong>maximum<\/strong><\/span> <span style=\"color: #000000;\">des documents de synth\u00e8se comptable (bilan et compte de r\u00e9sultat) avec un<\/span> <span style=\"color: #cc3300;\"><strong>minimum<\/strong><\/span> <span style=\"color: #000000;\">d\u2019\u00e9critures comptables.<\/span><\/p>\n<p><span style=\"color: #000000;\">9. Test\u00e9e et appr\u00e9ci\u00e9e par plus de<\/span> <strong><span style=\"color: #cc3300;\">45 000<\/span><\/strong> <span style=\"color: #000000;\">personnes, la m\u00e9thode s\u00e9duit le lecteur quel que soit son niveau d\u2019\u00e9tude, son \u00e2ge ou son secteur d\u2019activit\u00e9.<\/span><\/p>\n<p align=\"justify\"><span style=\"color: #000000;\">10. Ouvrage convenant tout particuli\u00e8rement \u00e0 la formation continue, \u00e0 l\u2019enseignement par correspondance, aux autodidactes, aux victimes de l\u2019enseignement de \u00ab masse \u00bb, aux \u00ab<\/span> <strong><span style=\"color: #cc3300;\">bless\u00e9s<\/span><\/strong> <span style=\"color: #000000;\">\u00bb de la comptabilit\u00e9 qui retrouvent souvent la s\u00e9r\u00e9nit\u00e9.<\/span><\/p>\n<p><span style=\"color: #000000;\">11. Ouvrage recommand\u00e9 par le<\/span> <span style=\"color: #cc3300;\"><strong>CNED<\/strong><\/span>.<\/p>\n<p align=\"justify\"><span style=\"color: #000000;\">12. Ouvrage constituant \u00e9galement par son approche m\u00e9thodologique un excellent support pour les personnes souhaitant exercer une profession comptable et financi\u00e8re.<\/span><\/p>\n<p><span style=\"color: #000000;\">13. Pr\u00e9sentation tr\u00e8s agr\u00e9able en deux couleurs d\u2019une mati\u00e8re souvent consid\u00e9r\u00e9e comme aust\u00e8re, voire r\u00e9barbative.<\/span><\/p>\n<p><span style=\"color: #000000;\">14.<\/span> <span style=\"color: #cc3300;\"><strong>Moins cher<\/strong><\/span> <span style=\"color: #000000;\">qu\u2019un ouvrage auquel il faut ajouter un corrig\u00e9<\/span>[\/vc_column_text][\/vc_column][\/vc_row]<\/p>\n","protected":false},"excerpt":{"rendered":"<p>[vc_row][vc_column][vc_column_text css_animation=\u00a0\u00bbfadeInDown\u00a0\u00bb] 14 atouts L&rsquo;ouvrage incontournable du gestionnaire\u00a0 &nbsp; 1. Ouvrage pour gestionnaire rendant agr\u00e9able la communication avec les financiers. 2. Ma\u00eetrise de la comptabilit\u00e9 financi\u00e8re en un minimum de temps, succ\u00e8s garanti pour le lecteur, fruit de 40 ans de p\u00e9dagogie \u00ab face au public \u00bb. 3. Ouvrage technique qui se lit comme une&hellip;<\/p>\n","protected":false},"author":1,"featured_media":0,"parent":0,"menu_order":4,"comment_status":"closed","ping_status":"closed","template":"","meta":{"_mi_skip_tracking":false,"_exactmetrics_sitenote_active":false,"_exactmetrics_sitenote_note":"","_exactmetrics_sitenote_category":0},"yoast_head":"<!-- This site is optimized with the Yoast SEO plugin v18.0 - https:\/\/yoast.com\/wordpress\/plugins\/seo\/ -->\n<title>14 atouts - Editions Jean-Yves Cadic<\/title>\n<meta name=\"robots\" content=\"index, follow, max-snippet:-1, max-image-preview:large, max-video-preview:-1\" \/>\n<link rel=\"canonical\" href=\"https:\/\/editions-jean-yves-cadic.com\/index.php\/14-atouts\/\" \/>\n<meta property=\"og:locale\" content=\"fr_FR\" \/>\n<meta property=\"og:type\" content=\"article\" \/>\n<meta property=\"og:title\" content=\"14 atouts - Editions Jean-Yves Cadic\" \/>\n<meta property=\"og:description\" content=\"[vc_row][vc_column][vc_column_text css_animation=\u00a0\u00bbfadeInDown\u00a0\u00bb] 14 atouts L&rsquo;ouvrage incontournable du gestionnaire\u00a0 &nbsp; 1. Ouvrage pour gestionnaire rendant agr\u00e9able la communication avec les financiers. 2. Ma\u00eetrise de la comptabilit\u00e9 financi\u00e8re en un minimum de temps, succ\u00e8s garanti pour le lecteur, fruit de 40 ans de p\u00e9dagogie \u00ab face au public \u00bb. 3. Ouvrage technique qui se lit comme une&hellip;\" \/>\n<meta property=\"og:url\" content=\"https:\/\/editions-jean-yves-cadic.com\/index.php\/14-atouts\/\" \/>\n<meta property=\"og:site_name\" content=\"Editions Jean-Yves Cadic\" \/>\n<meta property=\"article:modified_time\" content=\"2018-05-03T20:34:19+00:00\" \/>\n<meta name=\"twitter:card\" content=\"summary_large_image\" \/>\n<meta name=\"twitter:label1\" content=\"Dur\u00e9e de lecture estim\u00e9e\" \/>\n\t<meta name=\"twitter:data1\" content=\"2 minutes\" \/>\n<script type=\"application\/ld+json\" class=\"yoast-schema-graph\">{\"@context\":\"https:\/\/schema.org\",\"@graph\":[{\"@type\":\"WebSite\",\"@id\":\"https:\/\/editions-jean-yves-cadic.com\/#website\",\"url\":\"https:\/\/editions-jean-yves-cadic.com\/\",\"name\":\"Editions Jean-Yves Cadic\",\"description\":\"Les \u00e9ditions au service de la p\u00e9dagogie\",\"potentialAction\":[{\"@type\":\"SearchAction\",\"target\":{\"@type\":\"EntryPoint\",\"urlTemplate\":\"https:\/\/editions-jean-yves-cadic.com\/?s={search_term_string}\"},\"query-input\":\"required name=search_term_string\"}],\"inLanguage\":\"fr-FR\"},{\"@type\":\"WebPage\",\"@id\":\"https:\/\/editions-jean-yves-cadic.com\/index.php\/14-atouts\/#webpage\",\"url\":\"https:\/\/editions-jean-yves-cadic.com\/index.php\/14-atouts\/\",\"name\":\"14 atouts - Editions Jean-Yves Cadic\",\"isPartOf\":{\"@id\":\"https:\/\/editions-jean-yves-cadic.com\/#website\"},\"datePublished\":\"2018-04-05T14:46:00+00:00\",\"dateModified\":\"2018-05-03T20:34:19+00:00\",\"breadcrumb\":{\"@id\":\"https:\/\/editions-jean-yves-cadic.com\/index.php\/14-atouts\/#breadcrumb\"},\"inLanguage\":\"fr-FR\",\"potentialAction\":[{\"@type\":\"ReadAction\",\"target\":[\"https:\/\/editions-jean-yves-cadic.com\/index.php\/14-atouts\/\"]}]},{\"@type\":\"BreadcrumbList\",\"@id\":\"https:\/\/editions-jean-yves-cadic.com\/index.php\/14-atouts\/#breadcrumb\",\"itemListElement\":[{\"@type\":\"ListItem\",\"position\":1,\"name\":\"Accueil\",\"item\":\"https:\/\/editions-jean-yves-cadic.com\/\"},{\"@type\":\"ListItem\",\"position\":2,\"name\":\"14 atouts\"}]}]}<\/script>\n<!-- \/ Yoast SEO plugin. -->","yoast_head_json":{"title":"14 atouts - Editions Jean-Yves Cadic","robots":{"index":"index","follow":"follow","max-snippet":"max-snippet:-1","max-image-preview":"max-image-preview:large","max-video-preview":"max-video-preview:-1"},"canonical":"https:\/\/editions-jean-yves-cadic.com\/index.php\/14-atouts\/","og_locale":"fr_FR","og_type":"article","og_title":"14 atouts - Editions Jean-Yves Cadic","og_description":"[vc_row][vc_column][vc_column_text css_animation=\u00a0\u00bbfadeInDown\u00a0\u00bb] 14 atouts L&rsquo;ouvrage incontournable du gestionnaire\u00a0 &nbsp; 1. Ouvrage pour gestionnaire rendant agr\u00e9able la communication avec les financiers. 2. Ma\u00eetrise de la comptabilit\u00e9 financi\u00e8re en un minimum de temps, succ\u00e8s garanti pour le lecteur, fruit de 40 ans de p\u00e9dagogie \u00ab face au public \u00bb. 3. Ouvrage technique qui se lit comme une&hellip;","og_url":"https:\/\/editions-jean-yves-cadic.com\/index.php\/14-atouts\/","og_site_name":"Editions Jean-Yves Cadic","article_modified_time":"2018-05-03T20:34:19+00:00","twitter_card":"summary_large_image","twitter_misc":{"Dur\u00e9e de lecture estim\u00e9e":"2 minutes"},"schema":{"@context":"https:\/\/schema.org","@graph":[{"@type":"WebSite","@id":"https:\/\/editions-jean-yves-cadic.com\/#website","url":"https:\/\/editions-jean-yves-cadic.com\/","name":"Editions Jean-Yves Cadic","description":"Les \u00e9ditions au service de la p\u00e9dagogie","potentialAction":[{"@type":"SearchAction","target":{"@type":"EntryPoint","urlTemplate":"https:\/\/editions-jean-yves-cadic.com\/?s={search_term_string}"},"query-input":"required name=search_term_string"}],"inLanguage":"fr-FR"},{"@type":"WebPage","@id":"https:\/\/editions-jean-yves-cadic.com\/index.php\/14-atouts\/#webpage","url":"https:\/\/editions-jean-yves-cadic.com\/index.php\/14-atouts\/","name":"14 atouts - Editions Jean-Yves Cadic","isPartOf":{"@id":"https:\/\/editions-jean-yves-cadic.com\/#website"},"datePublished":"2018-04-05T14:46:00+00:00","dateModified":"2018-05-03T20:34:19+00:00","breadcrumb":{"@id":"https:\/\/editions-jean-yves-cadic.com\/index.php\/14-atouts\/#breadcrumb"},"inLanguage":"fr-FR","potentialAction":[{"@type":"ReadAction","target":["https:\/\/editions-jean-yves-cadic.com\/index.php\/14-atouts\/"]}]},{"@type":"BreadcrumbList","@id":"https:\/\/editions-jean-yves-cadic.com\/index.php\/14-atouts\/#breadcrumb","itemListElement":[{"@type":"ListItem","position":1,"name":"Accueil","item":"https:\/\/editions-jean-yves-cadic.com\/"},{"@type":"ListItem","position":2,"name":"14 atouts"}]}]}},"_links":{"self":[{"href":"https:\/\/editions-jean-yves-cadic.com\/index.php\/wp-json\/wp\/v2\/pages\/18"}],"collection":[{"href":"https:\/\/editions-jean-yves-cadic.com\/index.php\/wp-json\/wp\/v2\/pages"}],"about":[{"href":"https:\/\/editions-jean-yves-cadic.com\/index.php\/wp-json\/wp\/v2\/types\/page"}],"author":[{"embeddable":true,"href":"https:\/\/editions-jean-yves-cadic.com\/index.php\/wp-json\/wp\/v2\/users\/1"}],"replies":[{"embeddable":true,"href":"https:\/\/editions-jean-yves-cadic.com\/index.php\/wp-json\/wp\/v2\/comments?post=18"}],"version-history":[{"count":9,"href":"https:\/\/editions-jean-yves-cadic.com\/index.php\/wp-json\/wp\/v2\/pages\/18\/revisions"}],"predecessor-version":[{"id":145,"href":"https:\/\/editions-jean-yves-cadic.com\/index.php\/wp-json\/wp\/v2\/pages\/18\/revisions\/145"}],"wp:attachment":[{"href":"https:\/\/editions-jean-yves-cadic.com\/index.php\/wp-json\/wp\/v2\/media?parent=18"}],"curies":[{"name":"wp","href":"https:\/\/api.w.org\/{rel}","templated":true}]}}