{"id":20,"date":"2018-04-05T16:46:52","date_gmt":"2018-04-05T14:46:52","guid":{"rendered":"https:\/\/editions-jean-yves-cadic.com\/?page_id=20"},"modified":"2018-05-03T22:33:43","modified_gmt":"2018-05-03T20:33:43","slug":"temmoignage","status":"publish","type":"page","link":"https:\/\/editions-jean-yves-cadic.com\/index.php\/louvrage\/temmoignage\/","title":{"rendered":"T\u00e9moignages"},"content":{"rendered":"<p>[vc_row][vc_column][vc_column_text css_animation=\u00a0\u00bbfadeInDown\u00a0\u00bb]<\/p>\n<h1><strong><span style=\"color: #cc3300;\"><span style=\"font-family: Verdana;\">T\u00e9moignages<\/span><\/span><\/strong><\/h1>\n<blockquote dir=\"ltr\">\n<p dir=\"ltr\" align=\"right\"><span style=\"font-family: 'Times New Roman', 'Times New Roman'; font-size: medium;\"><span style=\"color: #333333;\"><span style=\"font-family: Arial;\"><strong>2EME EDITION &#8211; 336 PAGES<\/strong><\/span><\/span><\/span><\/p>\n<\/blockquote>\n<p><em>\u00ab Ouvrage tr\u00e8s agr\u00e9able permettant de dominer le bilan, le compte de r\u00e9sultat, soldes interm\u00e9diaires de gestion compris, avec un minimum d\u2019\u00e9critures comptables \u00bb<\/em><\/p>\n<p><em>\u00ab Ouvrage si proche de ce que peut attendre tout enseignant qui \u00e0 chaque heure de cours cherche la solution la plus efficace pour ses \u00e9tudiants \u00bb<\/em><\/p>\n<p><em>\u00ab Acquisition rapide des bases de la comptabilit\u00e9 financi\u00e8re n\u00e9cessaires \u00e0 la compr\u00e9hension des autres mati\u00e8res de gestion (CAE et Gestion financi\u00e8re)<\/em><br \/>\n<em>&#8211; A l\u2019efficacit\u00e9, il ajoute le plaisir d\u2019apprendre ; il lib\u00e8re de la dict\u00e9e des connaissances pour s\u2019attacher \u00e0 l\u2019exploitation de ces derni\u00e8res \u00bb<\/em><\/p>\n<p><em>\u00ab Possibilit\u00e9 d\u2019effectuer des gains de productivit\u00e9 en demandant aux \u00e9tudiants d\u2019analyser certains chapitres en toute autonomie \u00bb<\/em><\/p>\n<p><em>\u00ab Ouvrage \u00e0 la m\u00e9thodologie claire, ludique et progressive laissant la libert\u00e9 d\u2019ajouter ou de retrancher des \u00e9l\u00e9ments en fonction du volume horaire allou\u00e9 \u00e0 la formation \u00bb<\/em><\/p>\n<p><em>\u00ab Compr\u00e9hension maximum assur\u00e9e par un minimum d\u2019\u00e9critures \u00bb<\/em><\/p>\n<p><em>\u00ab Enfin l\u2019ouvrage que j\u2019attendais \u00bb.<\/em> <span style=\"color: #333333; font-family: Arial;\"><strong><br \/>\n<\/strong><\/span><\/p>\n<p>&nbsp;<\/p>\n<p dir=\"ltr\"><span style=\"color: #333333; font-family: Arial;\"><strong>Apr\u00e8s 3 mois de diffusion de la 3e \u00e9dition, voici quelques messages d\u2019universitaires qui me sont parvenus par mail :<\/strong><\/span><\/p>\n<blockquote dir=\"ltr\">\n<p dir=\"ltr\" align=\"right\"><strong><span style=\"color: #333333; font-family: Arial;\">3EME EDITION &#8211; 448 PAGES<\/span><\/strong><\/p>\n<\/blockquote>\n<p><em>\u00ab Gestion Comptable de l\u2019Entreprise \u00bb, un ouvrage clair, progressif et complet \u00e0 la port\u00e9e de\u00a0tous \u00bb.<\/em><\/p>\n<p><em>\u00ab Gestion Comptable de l\u2019Entreprise \u00bb, une construction p\u00e9dagogique qui conduit, de fa\u00e7on progressive, \u00e0 la ma\u00eetrise du langage comptable, du bilan et du compte de r\u00e9sultat : une mani\u00e8re \u00e9blouissante de rendre agr\u00e9able une mati\u00e8re souvent consid\u00e9r\u00e9e comme aust\u00e8re et r\u00e9barbative \u00bb.<\/em><\/p>\n<p><em>\u00ab Bravo pour l\u2019exp\u00e9rience et la passion que l\u2019on sent \u00e0 chaque instant !\u00bb.<\/em><\/p>\n<p><em>\u00ab La 3e \u00e9dition est un v\u00e9ritable d\u00e9lice p\u00e9dagogique, fruit d\u2019une passion et d\u2019une exp\u00e9rience que l\u2019on ressent \u00e0 chaque instant : on devine le bonheur partag\u00e9 de l\u2019animateur et de son public \u00bb.<\/em><\/p>\n<p><em>\u00a0\u00ab Cette 3e \u00e9dition = la r\u00e9f\u00e9rence par excellence pour mes \u00e9tudiants \u00bb.<\/em><\/p>\n<p><em>\u00ab Bravo pour la pr\u00e9sentation vectorielle (journal simplifi\u00e9) : un gain de temps pour les<\/em><br \/>\n<em>explications \u00bb.<\/em><\/p>\n<p><em>\u00ab Cette 3e \u00e9dition se lit comme un roman : \u00e0 la fin de chaque chapitre on a envie de d\u00e9couvrir le suivant \u00bb.<\/em><\/p>\n<p><em>\u00ab Parmi les tr\u00e8s nombreux ouvrages de comptabilit\u00e9 que je suis amen\u00e9 \u00e0 lire en tant qu\u2019enseignant, Gestion Comptable de l\u2019Entreprise me semble \u00eatre le plus p\u00e9dagogique du<\/em><br \/>\n<em>moment\u00a0\u00bb.<\/em><\/p>\n<p><em>\u00ab Ouvrage tr\u00e8s p\u00e9dagogique, non seulement quant au fond mais \u00e9galement quant \u00e0 la forme gr\u00e2ce au choix des couleurs utilis\u00e9es notamment pour la codification et pour les nombreux sch\u00e9mas. On sent la volont\u00e9 de l&rsquo;auteur de laisser le minimum de personnes sur le bord de la route \u00bb.<\/em><\/p>\n<p><em>\u00ab Gestion Comptable de l&rsquo;Entreprise est une traduction d&rsquo;amour : l&rsquo;amour de la p\u00e9dagogie, l&rsquo;amour de la transmission du savoir; l&rsquo;amour du public \u00bb.<\/em><\/p>\n<p><em>\u00ab Gestion comptable de l&rsquo;entreprise illustre parfaitement le sentiment d&rsquo;Albert Einstein sur le r\u00f4le du p\u00e9dagogue, \u00e0 savoir \u00ab\u00a0\u00e9veiller la joie de conna\u00eetre\u00a0\u00bb \u00bb.<\/em><\/p>\n<p><em>\u00ab Une magnifique construction p\u00e9dagogique effectu\u00e9e dans la progressivit\u00e9 ; de nombreuses personnes vont pouvoir se r\u00e9concilier avec la comptablilit\u00e9 \u00bb.<\/em><\/p>\n<p><em>\u00ab Dans la 3e \u00e9dition de cet ouvrage, l&rsquo;encha\u00eenement des chapitres illustre parfaitement l&rsquo;envie de l&rsquo;auteur d&rsquo;\u00eatre en sc\u00e8ne face au public \u00ab\u00a0pour y allumer le feu\u00a0\u00bb. Cela est d&rsquo;autant plus surprenant qu&rsquo;il y a de la distance entre un concert musical et un cours de comptablilit\u00e9. De ce livre \u00e9mane une force, une puissance, une passion pour le public. Bravo l&rsquo;artiste ! \u00bb.<\/em><\/p>\n<p><em>\u00ab Exer\u00e7ant dans l&rsquo;enseignement sup\u00e9rieur comme vacataire, je conseille cet ouvrage \u00e0 mes \u00e9l\u00e8ves du lyc\u00e9e, notamment aux plus fragiles car il s&rsquo;agit d&rsquo;une construction p\u00e9dagogique exceptionnelle permettant de d\u00e9couvrir les objectifs de la comptabilit\u00e9 dans la progressivit\u00e9 \u00bb.<\/em>[\/vc_column_text][\/vc_column][\/vc_row]<\/p>\n","protected":false},"excerpt":{"rendered":"<p>[vc_row][vc_column][vc_column_text css_animation=\u00a0\u00bbfadeInDown\u00a0\u00bb] T\u00e9moignages 2EME EDITION &#8211; 336 PAGES \u00ab Ouvrage tr\u00e8s agr\u00e9able permettant de dominer le bilan, le compte de r\u00e9sultat, soldes interm\u00e9diaires de gestion compris, avec un minimum d\u2019\u00e9critures comptables \u00bb \u00ab Ouvrage si proche de ce que peut attendre tout enseignant qui \u00e0 chaque heure de cours cherche la solution la plus efficace&hellip;<\/p>\n","protected":false},"author":1,"featured_media":0,"parent":23,"menu_order":0,"comment_status":"closed","ping_status":"closed","template":"","meta":{"_exactmetrics_skip_tracking":false,"_exactmetrics_sitenote_active":false,"_exactmetrics_sitenote_note":"","_exactmetrics_sitenote_category":0},"yoast_head":"<!-- This site is optimized with the Yoast SEO plugin v18.0 - https:\/\/yoast.com\/wordpress\/plugins\/seo\/ -->\n<title>T\u00e9moignages - Editions Jean-Yves Cadic<\/title>\n<meta name=\"robots\" content=\"index, follow, max-snippet:-1, max-image-preview:large, max-video-preview:-1\" \/>\n<link rel=\"canonical\" href=\"https:\/\/editions-jean-yves-cadic.com\/index.php\/louvrage\/temmoignage\/\" \/>\n<meta property=\"og:locale\" content=\"fr_FR\" \/>\n<meta property=\"og:type\" content=\"article\" \/>\n<meta property=\"og:title\" content=\"T\u00e9moignages - Editions Jean-Yves Cadic\" \/>\n<meta property=\"og:description\" content=\"[vc_row][vc_column][vc_column_text css_animation=\u00a0\u00bbfadeInDown\u00a0\u00bb] T\u00e9moignages 2EME EDITION &#8211; 336 PAGES \u00ab Ouvrage tr\u00e8s agr\u00e9able permettant de dominer le bilan, le compte de r\u00e9sultat, soldes interm\u00e9diaires de gestion compris, avec un minimum d\u2019\u00e9critures comptables \u00bb \u00ab Ouvrage si proche de ce que peut attendre tout enseignant qui \u00e0 chaque heure de cours cherche la solution la plus efficace&hellip;\" \/>\n<meta property=\"og:url\" content=\"https:\/\/editions-jean-yves-cadic.com\/index.php\/louvrage\/temmoignage\/\" \/>\n<meta property=\"og:site_name\" content=\"Editions Jean-Yves Cadic\" \/>\n<meta property=\"article:modified_time\" content=\"2018-05-03T20:33:43+00:00\" \/>\n<meta name=\"twitter:card\" content=\"summary_large_image\" \/>\n<meta name=\"twitter:label1\" content=\"Dur\u00e9e de lecture estim\u00e9e\" \/>\n\t<meta name=\"twitter:data1\" content=\"3 minutes\" \/>\n<script type=\"application\/ld+json\" class=\"yoast-schema-graph\">{\"@context\":\"https:\/\/schema.org\",\"@graph\":[{\"@type\":\"WebSite\",\"@id\":\"https:\/\/editions-jean-yves-cadic.com\/#website\",\"url\":\"https:\/\/editions-jean-yves-cadic.com\/\",\"name\":\"Editions Jean-Yves Cadic\",\"description\":\"Les \u00e9ditions au service de la p\u00e9dagogie\",\"potentialAction\":[{\"@type\":\"SearchAction\",\"target\":{\"@type\":\"EntryPoint\",\"urlTemplate\":\"https:\/\/editions-jean-yves-cadic.com\/?s={search_term_string}\"},\"query-input\":\"required name=search_term_string\"}],\"inLanguage\":\"fr-FR\"},{\"@type\":\"WebPage\",\"@id\":\"https:\/\/editions-jean-yves-cadic.com\/index.php\/louvrage\/temmoignage\/#webpage\",\"url\":\"https:\/\/editions-jean-yves-cadic.com\/index.php\/louvrage\/temmoignage\/\",\"name\":\"T\u00e9moignages - Editions Jean-Yves Cadic\",\"isPartOf\":{\"@id\":\"https:\/\/editions-jean-yves-cadic.com\/#website\"},\"datePublished\":\"2018-04-05T14:46:52+00:00\",\"dateModified\":\"2018-05-03T20:33:43+00:00\",\"breadcrumb\":{\"@id\":\"https:\/\/editions-jean-yves-cadic.com\/index.php\/louvrage\/temmoignage\/#breadcrumb\"},\"inLanguage\":\"fr-FR\",\"potentialAction\":[{\"@type\":\"ReadAction\",\"target\":[\"https:\/\/editions-jean-yves-cadic.com\/index.php\/louvrage\/temmoignage\/\"]}]},{\"@type\":\"BreadcrumbList\",\"@id\":\"https:\/\/editions-jean-yves-cadic.com\/index.php\/louvrage\/temmoignage\/#breadcrumb\",\"itemListElement\":[{\"@type\":\"ListItem\",\"position\":1,\"name\":\"Accueil\",\"item\":\"https:\/\/editions-jean-yves-cadic.com\/\"},{\"@type\":\"ListItem\",\"position\":2,\"name\":\"L&rsquo;ouvrage\",\"item\":\"https:\/\/editions-jean-yves-cadic.com\/index.php\/louvrage\/\"},{\"@type\":\"ListItem\",\"position\":3,\"name\":\"T\u00e9moignages\"}]}]}<\/script>\n<!-- \/ Yoast SEO plugin. -->","yoast_head_json":{"title":"T\u00e9moignages - Editions Jean-Yves Cadic","robots":{"index":"index","follow":"follow","max-snippet":"max-snippet:-1","max-image-preview":"max-image-preview:large","max-video-preview":"max-video-preview:-1"},"canonical":"https:\/\/editions-jean-yves-cadic.com\/index.php\/louvrage\/temmoignage\/","og_locale":"fr_FR","og_type":"article","og_title":"T\u00e9moignages - Editions Jean-Yves Cadic","og_description":"[vc_row][vc_column][vc_column_text css_animation=\u00a0\u00bbfadeInDown\u00a0\u00bb] T\u00e9moignages 2EME EDITION &#8211; 336 PAGES \u00ab Ouvrage tr\u00e8s agr\u00e9able permettant de dominer le bilan, le compte de r\u00e9sultat, soldes interm\u00e9diaires de gestion compris, avec un minimum d\u2019\u00e9critures comptables \u00bb \u00ab Ouvrage si proche de ce que peut attendre tout enseignant qui \u00e0 chaque heure de cours cherche la solution la plus efficace&hellip;","og_url":"https:\/\/editions-jean-yves-cadic.com\/index.php\/louvrage\/temmoignage\/","og_site_name":"Editions Jean-Yves Cadic","article_modified_time":"2018-05-03T20:33:43+00:00","twitter_card":"summary_large_image","twitter_misc":{"Dur\u00e9e de lecture estim\u00e9e":"3 minutes"},"schema":{"@context":"https:\/\/schema.org","@graph":[{"@type":"WebSite","@id":"https:\/\/editions-jean-yves-cadic.com\/#website","url":"https:\/\/editions-jean-yves-cadic.com\/","name":"Editions Jean-Yves Cadic","description":"Les \u00e9ditions au service de la p\u00e9dagogie","potentialAction":[{"@type":"SearchAction","target":{"@type":"EntryPoint","urlTemplate":"https:\/\/editions-jean-yves-cadic.com\/?s={search_term_string}"},"query-input":"required name=search_term_string"}],"inLanguage":"fr-FR"},{"@type":"WebPage","@id":"https:\/\/editions-jean-yves-cadic.com\/index.php\/louvrage\/temmoignage\/#webpage","url":"https:\/\/editions-jean-yves-cadic.com\/index.php\/louvrage\/temmoignage\/","name":"T\u00e9moignages - Editions Jean-Yves Cadic","isPartOf":{"@id":"https:\/\/editions-jean-yves-cadic.com\/#website"},"datePublished":"2018-04-05T14:46:52+00:00","dateModified":"2018-05-03T20:33:43+00:00","breadcrumb":{"@id":"https:\/\/editions-jean-yves-cadic.com\/index.php\/louvrage\/temmoignage\/#breadcrumb"},"inLanguage":"fr-FR","potentialAction":[{"@type":"ReadAction","target":["https:\/\/editions-jean-yves-cadic.com\/index.php\/louvrage\/temmoignage\/"]}]},{"@type":"BreadcrumbList","@id":"https:\/\/editions-jean-yves-cadic.com\/index.php\/louvrage\/temmoignage\/#breadcrumb","itemListElement":[{"@type":"ListItem","position":1,"name":"Accueil","item":"https:\/\/editions-jean-yves-cadic.com\/"},{"@type":"ListItem","position":2,"name":"L&rsquo;ouvrage","item":"https:\/\/editions-jean-yves-cadic.com\/index.php\/louvrage\/"},{"@type":"ListItem","position":3,"name":"T\u00e9moignages"}]}]}},"_links":{"self":[{"href":"https:\/\/editions-jean-yves-cadic.com\/index.php\/wp-json\/wp\/v2\/pages\/20"}],"collection":[{"href":"https:\/\/editions-jean-yves-cadic.com\/index.php\/wp-json\/wp\/v2\/pages"}],"about":[{"href":"https:\/\/editions-jean-yves-cadic.com\/index.php\/wp-json\/wp\/v2\/types\/page"}],"author":[{"embeddable":true,"href":"https:\/\/editions-jean-yves-cadic.com\/index.php\/wp-json\/wp\/v2\/users\/1"}],"replies":[{"embeddable":true,"href":"https:\/\/editions-jean-yves-cadic.com\/index.php\/wp-json\/wp\/v2\/comments?post=20"}],"version-history":[{"count":10,"href":"https:\/\/editions-jean-yves-cadic.com\/index.php\/wp-json\/wp\/v2\/pages\/20\/revisions"}],"predecessor-version":[{"id":144,"href":"https:\/\/editions-jean-yves-cadic.com\/index.php\/wp-json\/wp\/v2\/pages\/20\/revisions\/144"}],"up":[{"embeddable":true,"href":"https:\/\/editions-jean-yves-cadic.com\/index.php\/wp-json\/wp\/v2\/pages\/23"}],"wp:attachment":[{"href":"https:\/\/editions-jean-yves-cadic.com\/index.php\/wp-json\/wp\/v2\/media?parent=20"}],"curies":[{"name":"wp","href":"https:\/\/api.w.org\/{rel}","templated":true}]}}