{"id":6,"date":"2018-04-04T22:03:47","date_gmt":"2018-04-04T20:03:47","guid":{"rendered":"https:\/\/editions-jean-yves-cadic.com\/?page_id=6"},"modified":"2020-08-06T10:24:17","modified_gmt":"2020-08-06T08:24:17","slug":"accueil","status":"publish","type":"page","link":"https:\/\/editions-jean-yves-cadic.com\/","title":{"rendered":"Accueil"},"content":{"rendered":"<p>[vc_row][vc_column][vc_column_text css_animation=\u00a0\u00bbfadeInDown\u00a0\u00bb]<\/p>\n<h1><span style=\"vertical-align: inherit;\"><span style=\"vertical-align: inherit;\">\u00a0<\/span><\/span><strong><span style=\"color: #cc3300;\">Gestion Comptable de l&rsquo;Entreprise<\/span><\/strong><\/h1>\n<p align=\"justify\"><span style=\"color: #333333;\">Cette\u00a0<strong>3\u00e8me \u00e9dition<\/strong>\u00a0de l&rsquo;ouvrage de comptabilit\u00e9 financi\u00e8re a pour titre :<br \/>\n\u00ab\u00a0<strong><span style=\"color: #cc3300;\">Gestion Comptable de I\u2019Entreprise<\/span><\/strong>\u00a0\u00bb dans la mesure o\u00f9 la comptabilit\u00e9 financi\u00e8re, terminologie actuelle de la comptabilit\u00e9 g\u00e9n\u00e9rale, source d\u2019informations juridiques \u00e9conomiques et financi\u00e8res, est un instrument de gestion pour I\u2019entreprise.<\/span><\/p>\n<p><img loading=\"lazy\" class=\"wp-image-24 alignleft\" src=\"https:\/\/editions-jean-yves-cadic.com\/wp-content\/uploads\/2018\/04\/edition-jean-yves-cadic-219x300.png\" alt=\"Gestion comptable de l'entreprise\" width=\"206\" height=\"282\" srcset=\"https:\/\/editions-jean-yves-cadic.com\/wp-content\/uploads\/2018\/04\/edition-jean-yves-cadic-219x300.png 219w, https:\/\/editions-jean-yves-cadic.com\/wp-content\/uploads\/2018\/04\/edition-jean-yves-cadic-300x412.png 300w, https:\/\/editions-jean-yves-cadic.com\/wp-content\/uploads\/2018\/04\/edition-jean-yves-cadic.png 373w\" sizes=\"(max-width: 206px) 100vw, 206px\" \/><\/p>\n<p align=\"justify\"><span style=\"color: #000000;\">Cet ouvrage, s\u2019il s\u2019adresse aux personnes qui souhaitent exercer une profession comptable, convient tout particuli\u00e8rement aux personnes confront\u00e9es \u00e0 la comptabilit\u00e9, outil de gestion : cadres commerciaux,\u00a0dirigeants d\u2019entreprises, ing\u00e9nieurs, juristes d\u2019affaires, professions m\u00e9dicales, tr\u00e9soriers d\u2019associations, etc.<\/span><br \/>\n<span style=\"color: #000000;\">Ces deux populations poursuivant des objectifs tr\u00e8s diff\u00e9rents, cet ouvrage ne peut en aucun cas \u00eatre un \u00e9ni\u00e8me ouvrage de comptabilit\u00e9 financi\u00e8re.<\/span><\/p>\n<p align=\"justify\"><span style=\"color: #000000;\">Fruit de<\/span>\u00a0<strong><span style=\"color: #cc3300;\">40 ans<\/span><\/strong>\u00a0<span style=\"color: #000000;\">de p\u00e9dagogie, il constitue une nouvelle approche de la gestion comptable, propos\u00e9e \u00e0 toute personne d\u00e9sireuse d\u2019aborder, de mani\u00e8re<\/span>\u00a0<span style=\"color: #cc3300;\"><strong>autonome<\/strong><\/span>, <span style=\"color: #000000;\">la pens\u00e9e comptable selon une m\u00e9thode p\u00e9dagogique claire et<\/span>\u00a0<span style=\"color: #cc3300;\"><strong>progressive<\/strong><\/span>.<\/p>\n<p align=\"justify\"><span style=\"color: #000000;\">Test\u00e9e et appr\u00e9ci\u00e9e par plus de<\/span>\u00a0<strong><span style=\"color: #cc3300;\">45 000<\/span><\/strong>\u00a0<span style=\"color: #000000;\">personnes, cette m\u00e9thode vise \u00e0 s\u00e9duire le lecteur quel que soit son niveau d\u2019\u00e9tude, son \u00e2ge ou son secteur d\u2019activit\u00e9.<\/span><\/p>\n<p>&nbsp;<\/p>\n<h1><strong><span style=\"color: #cc3300;\">Les Cibles de l&rsquo;Ouvrage<\/span><\/strong><\/h1>\n<p align=\"justify\"><span style=\"color: #333333; font-size: small;\">Ciblant tous les d\u00e9butants, sans oublier les \u201c\u00a0<strong><span style=\"color: #cc3300;\">bless\u00e9s<\/span><\/strong>\u00a0\u201d de la comptabilit\u00e9, ce livre permet, dans un minimum de temps, de ma\u00eetriser avec aisance, les trois \u00e9l\u00e9ments fondamentaux de la comptabilit\u00e9 : le langage comptable, le bilan et le compte de r\u00e9sultat. Depuis 13 ans, plus de 3 000 universitaires le qualifient d\u2019 \u201c\u00a0<strong><span style=\"color: #cc3300;\">incontournable<\/span><\/strong>\u00a0\u201d \u00e0 la ma\u00eetrise de la comptabilit\u00e9 financi\u00e8re.<\/span><\/p>\n<p align=\"justify\"><span style=\"color: #000000;\"><strong>Albert Einstein<\/strong>\u00a0ne disait-il pas que le r\u00f4le essentiel du p\u00e9dagogue est \u201c d&rsquo;\u00e9veiller la joie de travailler et de conna\u00eetre \u201d. Cette joie ne nous renvoie-telle pas \u00e0 celle \u00e9manant du 4\u00e8me mouvement de la symphonie n\u02da9 de\u00a0<strong>Ludwig Van Beethoven<\/strong>, universellement connu sous la terminologie \u201c l\u2019hymne \u00e0 la joie \u201d ? V\u00e9ritable invitation \u00e0 la connaissance, cet ouvrage est \u00e9labor\u00e9 dans une optique de s\u00e9duction du public qui m\u2019a donn\u00e9, en \u00e9voquant\u00a0<strong>Johnny Hallyday<\/strong>, \u201c l\u2019envie d\u2019avoir envie \u201d d\u2019\u00e9voluer depuis plus de quarante ans, de formation en formation, de salle en salle pour y \u201c allumer le feu \u201d.<\/span><\/p>\n<p>[\/vc_column_text][\/vc_column][\/vc_row]<\/p>\n","protected":false},"excerpt":{"rendered":"<p>[vc_row][vc_column][vc_column_text css_animation=\u00a0\u00bbfadeInDown\u00a0\u00bb] \u00a0Gestion Comptable de l&rsquo;Entreprise Cette\u00a03\u00e8me \u00e9dition\u00a0de l&rsquo;ouvrage de comptabilit\u00e9 financi\u00e8re a pour titre : \u00ab\u00a0Gestion Comptable de I\u2019Entreprise\u00a0\u00bb dans la mesure o\u00f9 la comptabilit\u00e9 financi\u00e8re, terminologie actuelle de la comptabilit\u00e9 g\u00e9n\u00e9rale, source d\u2019informations juridiques \u00e9conomiques et financi\u00e8res, est un instrument de gestion pour I\u2019entreprise. Cet ouvrage, s\u2019il s\u2019adresse aux personnes qui souhaitent exercer&hellip;<\/p>\n","protected":false},"author":1,"featured_media":0,"parent":0,"menu_order":0,"comment_status":"closed","ping_status":"closed","template":"","meta":{"_exactmetrics_skip_tracking":false,"_exactmetrics_sitenote_active":false,"_exactmetrics_sitenote_note":"","_exactmetrics_sitenote_category":0},"yoast_head":"<!-- This site is optimized with the Yoast SEO plugin v18.0 - https:\/\/yoast.com\/wordpress\/plugins\/seo\/ -->\n<title>Accueil - Editions Jean-Yves Cadic<\/title>\n<meta name=\"robots\" content=\"index, follow, max-snippet:-1, max-image-preview:large, max-video-preview:-1\" \/>\n<link rel=\"canonical\" href=\"https:\/\/editions-jean-yves-cadic.com\/\" \/>\n<meta property=\"og:locale\" content=\"fr_FR\" \/>\n<meta property=\"og:type\" content=\"article\" \/>\n<meta property=\"og:title\" content=\"Accueil - Editions Jean-Yves Cadic\" \/>\n<meta property=\"og:description\" content=\"[vc_row][vc_column][vc_column_text css_animation=\u00a0\u00bbfadeInDown\u00a0\u00bb] \u00a0Gestion Comptable de l&rsquo;Entreprise Cette\u00a03\u00e8me \u00e9dition\u00a0de l&rsquo;ouvrage de comptabilit\u00e9 financi\u00e8re a pour titre : \u00ab\u00a0Gestion Comptable de I\u2019Entreprise\u00a0\u00bb dans la mesure o\u00f9 la comptabilit\u00e9 financi\u00e8re, terminologie actuelle de la comptabilit\u00e9 g\u00e9n\u00e9rale, source d\u2019informations juridiques \u00e9conomiques et financi\u00e8res, est un instrument de gestion pour I\u2019entreprise. Cet ouvrage, s\u2019il s\u2019adresse aux personnes qui souhaitent exercer&hellip;\" \/>\n<meta property=\"og:url\" content=\"https:\/\/editions-jean-yves-cadic.com\/\" \/>\n<meta property=\"og:site_name\" content=\"Editions Jean-Yves Cadic\" \/>\n<meta property=\"article:modified_time\" content=\"2020-08-06T08:24:17+00:00\" \/>\n<meta property=\"og:image\" content=\"https:\/\/editions-jean-yves-cadic.com\/wp-content\/uploads\/2018\/04\/edition-jean-yves-cadic-219x300.png\" \/>\n<meta name=\"twitter:card\" content=\"summary_large_image\" \/>\n<meta name=\"twitter:label1\" content=\"Dur\u00e9e de lecture estim\u00e9e\" \/>\n\t<meta name=\"twitter:data1\" content=\"2 minutes\" \/>\n<script type=\"application\/ld+json\" class=\"yoast-schema-graph\">{\"@context\":\"https:\/\/schema.org\",\"@graph\":[{\"@type\":\"WebSite\",\"@id\":\"https:\/\/editions-jean-yves-cadic.com\/#website\",\"url\":\"https:\/\/editions-jean-yves-cadic.com\/\",\"name\":\"Editions Jean-Yves Cadic\",\"description\":\"Les \u00e9ditions au service de la p\u00e9dagogie\",\"potentialAction\":[{\"@type\":\"SearchAction\",\"target\":{\"@type\":\"EntryPoint\",\"urlTemplate\":\"https:\/\/editions-jean-yves-cadic.com\/?s={search_term_string}\"},\"query-input\":\"required name=search_term_string\"}],\"inLanguage\":\"fr-FR\"},{\"@type\":\"ImageObject\",\"@id\":\"https:\/\/editions-jean-yves-cadic.com\/#primaryimage\",\"inLanguage\":\"fr-FR\",\"url\":\"https:\/\/editions-jean-yves-cadic.com\/wp-content\/uploads\/2018\/04\/edition-jean-yves-cadic.png\",\"contentUrl\":\"https:\/\/editions-jean-yves-cadic.com\/wp-content\/uploads\/2018\/04\/edition-jean-yves-cadic.png\",\"width\":373,\"height\":512,\"caption\":\"Gestion comptable de l'entreprise\"},{\"@type\":\"WebPage\",\"@id\":\"https:\/\/editions-jean-yves-cadic.com\/#webpage\",\"url\":\"https:\/\/editions-jean-yves-cadic.com\/\",\"name\":\"Accueil - Editions Jean-Yves Cadic\",\"isPartOf\":{\"@id\":\"https:\/\/editions-jean-yves-cadic.com\/#website\"},\"primaryImageOfPage\":{\"@id\":\"https:\/\/editions-jean-yves-cadic.com\/#primaryimage\"},\"datePublished\":\"2018-04-04T20:03:47+00:00\",\"dateModified\":\"2020-08-06T08:24:17+00:00\",\"breadcrumb\":{\"@id\":\"https:\/\/editions-jean-yves-cadic.com\/#breadcrumb\"},\"inLanguage\":\"fr-FR\",\"potentialAction\":[{\"@type\":\"ReadAction\",\"target\":[\"https:\/\/editions-jean-yves-cadic.com\/\"]}]},{\"@type\":\"BreadcrumbList\",\"@id\":\"https:\/\/editions-jean-yves-cadic.com\/#breadcrumb\",\"itemListElement\":[{\"@type\":\"ListItem\",\"position\":1,\"name\":\"Accueil\",\"item\":\"https:\/\/editions-jean-yves-cadic.com\/\"},{\"@type\":\"ListItem\",\"position\":2,\"name\":\"Accueil\"}]}]}<\/script>\n<!-- \/ Yoast SEO plugin. -->","yoast_head_json":{"title":"Accueil - Editions Jean-Yves Cadic","robots":{"index":"index","follow":"follow","max-snippet":"max-snippet:-1","max-image-preview":"max-image-preview:large","max-video-preview":"max-video-preview:-1"},"canonical":"https:\/\/editions-jean-yves-cadic.com\/","og_locale":"fr_FR","og_type":"article","og_title":"Accueil - Editions Jean-Yves Cadic","og_description":"[vc_row][vc_column][vc_column_text css_animation=\u00a0\u00bbfadeInDown\u00a0\u00bb] \u00a0Gestion Comptable de l&rsquo;Entreprise Cette\u00a03\u00e8me \u00e9dition\u00a0de l&rsquo;ouvrage de comptabilit\u00e9 financi\u00e8re a pour titre : \u00ab\u00a0Gestion Comptable de I\u2019Entreprise\u00a0\u00bb dans la mesure o\u00f9 la comptabilit\u00e9 financi\u00e8re, terminologie actuelle de la comptabilit\u00e9 g\u00e9n\u00e9rale, source d\u2019informations juridiques \u00e9conomiques et financi\u00e8res, est un instrument de gestion pour I\u2019entreprise. Cet ouvrage, s\u2019il s\u2019adresse aux personnes qui souhaitent exercer&hellip;","og_url":"https:\/\/editions-jean-yves-cadic.com\/","og_site_name":"Editions Jean-Yves Cadic","article_modified_time":"2020-08-06T08:24:17+00:00","og_image":[{"url":"https:\/\/editions-jean-yves-cadic.com\/wp-content\/uploads\/2018\/04\/edition-jean-yves-cadic-219x300.png"}],"twitter_card":"summary_large_image","twitter_misc":{"Dur\u00e9e de lecture estim\u00e9e":"2 minutes"},"schema":{"@context":"https:\/\/schema.org","@graph":[{"@type":"WebSite","@id":"https:\/\/editions-jean-yves-cadic.com\/#website","url":"https:\/\/editions-jean-yves-cadic.com\/","name":"Editions Jean-Yves Cadic","description":"Les \u00e9ditions au service de la p\u00e9dagogie","potentialAction":[{"@type":"SearchAction","target":{"@type":"EntryPoint","urlTemplate":"https:\/\/editions-jean-yves-cadic.com\/?s={search_term_string}"},"query-input":"required name=search_term_string"}],"inLanguage":"fr-FR"},{"@type":"ImageObject","@id":"https:\/\/editions-jean-yves-cadic.com\/#primaryimage","inLanguage":"fr-FR","url":"https:\/\/editions-jean-yves-cadic.com\/wp-content\/uploads\/2018\/04\/edition-jean-yves-cadic.png","contentUrl":"https:\/\/editions-jean-yves-cadic.com\/wp-content\/uploads\/2018\/04\/edition-jean-yves-cadic.png","width":373,"height":512,"caption":"Gestion comptable de l'entreprise"},{"@type":"WebPage","@id":"https:\/\/editions-jean-yves-cadic.com\/#webpage","url":"https:\/\/editions-jean-yves-cadic.com\/","name":"Accueil - Editions Jean-Yves Cadic","isPartOf":{"@id":"https:\/\/editions-jean-yves-cadic.com\/#website"},"primaryImageOfPage":{"@id":"https:\/\/editions-jean-yves-cadic.com\/#primaryimage"},"datePublished":"2018-04-04T20:03:47+00:00","dateModified":"2020-08-06T08:24:17+00:00","breadcrumb":{"@id":"https:\/\/editions-jean-yves-cadic.com\/#breadcrumb"},"inLanguage":"fr-FR","potentialAction":[{"@type":"ReadAction","target":["https:\/\/editions-jean-yves-cadic.com\/"]}]},{"@type":"BreadcrumbList","@id":"https:\/\/editions-jean-yves-cadic.com\/#breadcrumb","itemListElement":[{"@type":"ListItem","position":1,"name":"Accueil","item":"https:\/\/editions-jean-yves-cadic.com\/"},{"@type":"ListItem","position":2,"name":"Accueil"}]}]}},"_links":{"self":[{"href":"https:\/\/editions-jean-yves-cadic.com\/index.php\/wp-json\/wp\/v2\/pages\/6"}],"collection":[{"href":"https:\/\/editions-jean-yves-cadic.com\/index.php\/wp-json\/wp\/v2\/pages"}],"about":[{"href":"https:\/\/editions-jean-yves-cadic.com\/index.php\/wp-json\/wp\/v2\/types\/page"}],"author":[{"embeddable":true,"href":"https:\/\/editions-jean-yves-cadic.com\/index.php\/wp-json\/wp\/v2\/users\/1"}],"replies":[{"embeddable":true,"href":"https:\/\/editions-jean-yves-cadic.com\/index.php\/wp-json\/wp\/v2\/comments?post=6"}],"version-history":[{"count":33,"href":"https:\/\/editions-jean-yves-cadic.com\/index.php\/wp-json\/wp\/v2\/pages\/6\/revisions"}],"predecessor-version":[{"id":187,"href":"https:\/\/editions-jean-yves-cadic.com\/index.php\/wp-json\/wp\/v2\/pages\/6\/revisions\/187"}],"wp:attachment":[{"href":"https:\/\/editions-jean-yves-cadic.com\/index.php\/wp-json\/wp\/v2\/media?parent=6"}],"curies":[{"name":"wp","href":"https:\/\/api.w.org\/{rel}","templated":true}]}}